{"id":590,"date":"2024-02-25T17:41:40","date_gmt":"2024-02-25T16:41:40","guid":{"rendered":"https:\/\/fortbarchon.be\/?page_id=590"},"modified":"2025-03-10T09:57:01","modified_gmt":"2025-03-10T08:57:01","slug":"home","status":"publish","type":"page","link":"https:\/\/fortbarchon.be\/","title":{"rendered":"Fort de Barchon"},"content":{"rendered":"\n<div class=\"wp-block-cover alignfull is-light\" style=\"min-height:700px\"><span aria-hidden=\"true\" class=\"wp-block-cover__background has-nv-light-bg-background-color has-background-dim-40 has-background-dim\"><\/span><img loading=\"lazy\" decoding=\"async\" width=\"1280\" height=\"960\" class=\"wp-block-cover__image-background wp-image-643\" alt=\"\" src=\"https:\/\/fortbarchon.be\/wp-content\/uploads\/2024\/02\/DSC00102.jpg\" data-object-fit=\"cover\" srcset=\"https:\/\/fortbarchon.be\/wp-content\/uploads\/2024\/02\/DSC00102.jpg 1280w, https:\/\/fortbarchon.be\/wp-content\/uploads\/2024\/02\/DSC00102-300x225.jpg 300w, https:\/\/fortbarchon.be\/wp-content\/uploads\/2024\/02\/DSC00102-1024x768.jpg 1024w, https:\/\/fortbarchon.be\/wp-content\/uploads\/2024\/02\/DSC00102-768x576.jpg 768w\" sizes=\"(max-width: 1280px) 100vw, 1280px\" \/><div class=\"wp-block-cover__inner-container is-layout-flow wp-block-cover-is-layout-flow\">\n<h1 class=\"wp-block-heading has-text-align-left has-huge-font-size\"><\/h1>\n\n\n\n<p><\/p>\n<\/div><\/div>\n\n\n\n<div class=\"wp-block-group is-layout-constrained wp-block-group-is-layout-constrained\"><div class=\"wp-block-group__inner-container\">\n<div class=\"wp-block-group is-layout-constrained wp-block-group-is-layout-constrained\"><div class=\"wp-block-group__inner-container\">\n<h2 class=\"wp-block-heading\" id=\"visite\">Visite<\/h2>\n\n\n\n<p>Les visites se d\u00e9roulent les seconds dimanche du mois, d&#8217;avril \u00e0 novembre et durent environ trois heures.<\/p>\n\n\n\n<p>Le d\u00e9part se fait \u00e0 14&nbsp;heures pr\u00e9cise de notre caf\u00e9t\u00e9riat situ\u00e9e \u00e0 l&#8217;entr\u00e9e du fort.<\/p>\n\n\n\n<figure class=\"wp-block-table\"><table><tbody><tr><td colspan=\"3\">Prix :<\/td><\/tr><tr><td>&nbsp;<\/td><td>Adultes :<\/td><td>5 \u20ac<\/td><\/tr><tr><td>&nbsp;<\/td><td>Enfants :<\/td><td>4 \u20ac<\/td><\/tr><tr><td colspan=\"3\">Groupe (min. 45 \u20ac) :<\/td><\/tr><tr><td>&nbsp;<\/td><td>Adultes :<\/td><td>4 \u20ac<\/td><\/tr><tr><td>&nbsp;<\/td><td>Enfants :<\/td><td>3 \u20ac<\/td><\/tr><\/tbody><\/table><\/figure>\n\n\n\n<p>Adresse : Rue du Fort, 4671 Barchon<\/p>\n<\/div><\/div>\n\n\n\n<div class=\"wp-block-buttons is-layout-flex wp-block-buttons-is-layout-flex\">\n<div class=\"wp-block-button\"><a class=\"wp-block-button__link wp-element-button\">Contact<\/a><\/div>\n<\/div>\n<\/div><\/div>\n\n\n\n<div class=\"wp-block-group is-layout-constrained wp-block-group-is-layout-constrained\"><div class=\"wp-block-group__inner-container\">\n<div class=\"wp-block-group is-layout-constrained wp-block-group-is-layout-constrained\"><div class=\"wp-block-group__inner-container\">\n<div class=\"wp-block-group is-layout-constrained wp-block-group-is-layout-constrained\"><div class=\"wp-block-group__inner-container\">\n<h2 class=\"wp-block-heading\" id=\"acces\">Acc\u00e8s<\/h2>\n\n\n\n<p>Autoroute E40, sortie 36 (Blegny).<\/p>\n\n\n\n<p>En venant de Li\u00e8ge : Prendre \u00e0 droite, au rond point, prendre la premi\u00e8re sortie, passer le pont. Au second rond point, prendre la seconde sortie (tout droit). Au troisi\u00e8me rond point, prendre la troisi\u00e8me sortie.<\/p>\n\n\n\n<p>En venant d&#8217;Aachen : Au premier rond point, prendre la premi\u00e8re sortie. Au second rond point, prendre la troisi\u00e8me sortie.<\/p>\n\n\n\n<figure class=\"wp-block-embedpress-google-maps-block ose-google-maps\"><iframe src=\"https:\/\/www.google.com\/maps\/embed?pb=!1m14!1m12!1m3!1d7196.759753883547!2d5.693078538546111!3d50.670056258383546!2m3!1f0!2f0!3f0!3m2!1i1024!2i768!4f13.1!5e1!3m2!1sfr!2sbe!4v1708983294078!5m2!1sfr!2sbe&quot; width=&quot;600&quot; height=&quot;450&quot; style=&quot;border:0;&quot; allowfullscreen=&quot;&quot; loading=&quot;lazy&quot; referrerpolicy=&quot;no-referrer-when-downgrade\" frameborder=\"0\" width=\"600\" height=\"450\"><\/iframe><\/figure>\n<\/div><\/div>\n<\/div><\/div>\n<\/div><\/div>\n\n\n\n<div class=\"wp-block-group is-layout-constrained wp-block-group-is-layout-constrained\"><div class=\"wp-block-group__inner-container\">\n<h2 class=\"wp-block-heading\" id=\"photos\">Photos<\/h2>\n\n\n\n<figure class=\"wp-block-gallery has-nested-images columns-default is-cropped wp-block-gallery-1 is-layout-flex wp-block-gallery-is-layout-flex\">\n<figure class=\"wp-block-image size-large\"><img loading=\"lazy\" decoding=\"async\" width=\"300\" height=\"225\" src=\"https:\/\/fortbarchon.be\/wp-content\/uploads\/2024\/02\/chambre.jpg\" alt=\"\" class=\"wp-image-595\"\/><\/figure>\n\n\n\n<figure class=\"wp-block-image size-large\"><img loading=\"lazy\" decoding=\"async\" width=\"300\" height=\"225\" src=\"https:\/\/fortbarchon.be\/wp-content\/uploads\/2024\/02\/coffre-tete.jpg\" alt=\"\" class=\"wp-image-599\"\/><\/figure>\n\n\n\n<figure class=\"wp-block-image size-large\"><img loading=\"lazy\" decoding=\"async\" width=\"300\" height=\"225\" src=\"https:\/\/fortbarchon.be\/wp-content\/uploads\/2024\/02\/coupole.jpg\" alt=\"\" class=\"wp-image-598\"\/><\/figure>\n\n\n\n<figure class=\"wp-block-image size-large\"><img loading=\"lazy\" decoding=\"async\" width=\"300\" height=\"225\" src=\"https:\/\/fortbarchon.be\/wp-content\/uploads\/2024\/02\/deb-infantrie.jpg\" alt=\"\" class=\"wp-image-603\"\/><\/figure>\n\n\n\n<figure class=\"wp-block-image size-large\"><img loading=\"lazy\" decoding=\"async\" width=\"225\" height=\"300\" src=\"https:\/\/fortbarchon.be\/wp-content\/uploads\/2024\/02\/fresque-genie.jpg\" alt=\"\" class=\"wp-image-597\"\/><\/figure>\n\n\n\n<figure class=\"wp-block-image size-large\"><img loading=\"lazy\" decoding=\"async\" width=\"225\" height=\"300\" src=\"https:\/\/fortbarchon.be\/wp-content\/uploads\/2024\/02\/fresque-union.jpg\" alt=\"\" class=\"wp-image-601\"\/><\/figure>\n\n\n\n<figure class=\"wp-block-image size-large\"><img loading=\"lazy\" decoding=\"async\" width=\"300\" height=\"225\" src=\"https:\/\/fortbarchon.be\/wp-content\/uploads\/2024\/02\/sortie-air.jpg\" alt=\"\" class=\"wp-image-602\"\/><\/figure>\n\n\n\n<figure class=\"wp-block-image size-large\"><img loading=\"lazy\" decoding=\"async\" width=\"300\" height=\"225\" src=\"https:\/\/fortbarchon.be\/wp-content\/uploads\/2024\/02\/t-air-1.jpg\" alt=\"\" class=\"wp-image-596\"\/><\/figure>\n\n\n\n<figure class=\"wp-block-image size-large\"><img loading=\"lazy\" decoding=\"async\" width=\"225\" height=\"300\" src=\"https:\/\/fortbarchon.be\/wp-content\/uploads\/2024\/02\/t-air2.jpg\" alt=\"\" class=\"wp-image-600\"\/><\/figure>\n<\/figure>\n<\/div><\/div>\n\n\n\n<div class=\"wp-block-group is-layout-constrained wp-block-group-is-layout-constrained\"><div class=\"wp-block-group__inner-container\">\n<h2 class=\"wp-block-heading\" id=\"histoire\">L&#8217;histoire<\/h2>\n\n\n\n<p>Le fort de Barchon est un grand fort belge triangulaire de type Brialmont. Il se trouve \u00e0 8&nbsp;km au nord-est de Li\u00e8ge sur la rive droite de la Meuse entre Li\u00e8ge et Vis\u00e9. Construit en 1888, il conna\u00eetra trois \u00e9poques et de nombreux \u00e9v\u00e9nements.<\/p>\n\n\n\n<p>Au cours de sa premi\u00e8re \u00e9poque, il fera partie des 12 forts de protection de la position fortifi\u00e9e de Li\u00e8ge et prendra part \u00e0 la premi\u00e8re guerre mondiale du 5&nbsp;ao\u00fbt&nbsp;1914 au 8&nbsp;ao\u00fbt&nbsp;1914. Il tombera aux mains des troupes du Kaiser apr\u00e8s des combats particuli\u00e8rement p\u00e9nibles pour sa garnison.<\/p>\n\n\n\n<p>Pour sa deuxi\u00e8me \u00e9poque, qui dura le temps de l&#8217;occupation de 1914 \u00e0 1918, les Prussiens reconnurent son importance strat\u00e9gique et y aport\u00e8rent un certain nombre de modifications et d&#8217;am\u00e9liorations. Ces modifications concern\u00e8rent principalement le tambour d&#8217;entr\u00e9e du fort, le d\u00e9bouch\u00e9 d&#8217;infanterie sur le massif central, la protection des fen\u00eatres des locaux de gorge tant en escarpe qu&#8217;en contrescarpe et l&#8217;am\u00e9lioration de la ventilation.<\/p>\n\n\n\n<p>Sa troisi\u00e8me \u00e9poque d\u00e9buta en 1928. A ce moment, il fut d\u00e9cid\u00e9 qu&#8217;il serait r\u00e9arm\u00e9, am\u00e9lior\u00e9 et renforc\u00e9 et qu&#8217;il reprendrait du service actif. Ici les modifications concern\u00e8rent le renforcement g\u00e9n\u00e9ral de l&#8217;ouvrage, l&#8217;ajout de b\u00e9ton arm\u00e9, le percement de galeries profondes, la construction d&#8217;une tour d&#8217;air et le remplacement du g\u00e9n\u00e9rateur et des armes. Il connut donc le d\u00e9ferlement de troupes allemandes le 10&nbsp;mai&nbsp;1940 et il r\u00e9sista jusqu&#8217;au 18&nbsp;mai&nbsp;1940 en combattant avec vaillance.<\/p>\n<\/div><\/div>\n\n\n\n<div class=\"wp-block-group is-layout-constrained wp-block-group-is-layout-constrained\"><div class=\"wp-block-group__inner-container\">\n<h2 class=\"wp-block-heading\" id=\"publication\">Publication<\/h2>\n\n\n\n<p>Tous nos livres sont disponibles \u00e0 la caf\u00e9t\u00e9ria du fort lors des visites au prix de 6\u20ac.<\/p>\n\n\n\n<p>&#8211; Livre historique de Barchon<br>&#8211; Livre technique de Barchon<br>&#8211; Livre historique de la bataille de Li\u00e8ge en 1914<br>&#8211; Livre historique sur la bataille des forts de Namur<\/p>\n<\/div><\/div>\n","protected":false},"excerpt":{"rendered":"<p>Visite Les visites se d\u00e9roulent les seconds dimanche du mois, d&#8217;avril \u00e0 novembre et durent environ trois heures. Le d\u00e9part se fait \u00e0 14&nbsp;heures pr\u00e9cise de notre caf\u00e9t\u00e9riat situ\u00e9e \u00e0 l&#8217;entr\u00e9e du fort. Prix : &nbsp; Adultes : 5 \u20ac &nbsp; Enfants : 4 \u20ac Groupe (min. 45 \u20ac) : &nbsp; Adultes : 4 \u20ac&hellip;&nbsp;<a href=\"https:\/\/fortbarchon.be\/\" class=\"\" rel=\"bookmark\">Lire la suite &raquo;<span class=\"screen-reader-text\">Fort de Barchon<\/span><\/a><\/p>\n","protected":false},"author":1,"featured_media":0,"parent":0,"menu_order":0,"comment_status":"closed","ping_status":"closed","template":"","meta":{"neve_meta_sidebar":"default","neve_meta_container":"default","neve_meta_enable_content_width":"on","neve_meta_content_width":100,"neve_meta_title_alignment":"","neve_meta_author_avatar":"","neve_post_elements_order":"","neve_meta_disable_header":"","neve_meta_disable_footer":"","neve_meta_disable_title":"on","_ti_tpc_template_sync":false,"_ti_tpc_template_id":"cwhkd9lki581rusuhjti","footnotes":""},"_links":{"self":[{"href":"https:\/\/fortbarchon.be\/index.php\/wp-json\/wp\/v2\/pages\/590"}],"collection":[{"href":"https:\/\/fortbarchon.be\/index.php\/wp-json\/wp\/v2\/pages"}],"about":[{"href":"https:\/\/fortbarchon.be\/index.php\/wp-json\/wp\/v2\/types\/page"}],"author":[{"embeddable":true,"href":"https:\/\/fortbarchon.be\/index.php\/wp-json\/wp\/v2\/users\/1"}],"replies":[{"embeddable":true,"href":"https:\/\/fortbarchon.be\/index.php\/wp-json\/wp\/v2\/comments?post=590"}],"version-history":[{"count":11,"href":"https:\/\/fortbarchon.be\/index.php\/wp-json\/wp\/v2\/pages\/590\/revisions"}],"predecessor-version":[{"id":677,"href":"https:\/\/fortbarchon.be\/index.php\/wp-json\/wp\/v2\/pages\/590\/revisions\/677"}],"wp:attachment":[{"href":"https:\/\/fortbarchon.be\/index.php\/wp-json\/wp\/v2\/media?parent=590"}],"curies":[{"name":"wp","href":"https:\/\/api.w.org\/{rel}","templated":true}]}}