{"id":616,"date":"2024-02-25T18:36:37","date_gmt":"2024-02-25T17:36:37","guid":{"rendered":"https:\/\/fortbarchon.be\/index.php\/fort-de-barchon-english\/"},"modified":"2024-02-29T10:39:16","modified_gmt":"2024-02-29T09:39:16","slug":"fort-de-barchon-english","status":"publish","type":"page","link":"https:\/\/fortbarchon.be\/index.php\/en\/fort-de-barchon-english\/","title":{"rendered":""},"content":{"rendered":"\n<div class=\"wp-block-cover alignfull\" style=\"min-height:700px\"><span aria-hidden=\"true\" class=\"wp-block-cover__background has-nv-light-bg-background-color has-background-dim-40 has-background-dim\"><\/span><img loading=\"lazy\" decoding=\"async\" width=\"1280\" height=\"960\" class=\"wp-block-cover__image-background wp-image-646\" alt=\"\" src=\"http:\/\/fortbarchon.be\/wp-content\/uploads\/2024\/02\/DSC00102-1.jpg\" data-object-fit=\"cover\" srcset=\"https:\/\/fortbarchon.be\/wp-content\/uploads\/2024\/02\/DSC00102-1.jpg 1280w, https:\/\/fortbarchon.be\/wp-content\/uploads\/2024\/02\/DSC00102-1-300x225.jpg 300w, https:\/\/fortbarchon.be\/wp-content\/uploads\/2024\/02\/DSC00102-1-1024x768.jpg 1024w, https:\/\/fortbarchon.be\/wp-content\/uploads\/2024\/02\/DSC00102-1-768x576.jpg 768w\" sizes=\"(max-width: 1280px) 100vw, 1280px\" \/><div class=\"wp-block-cover__inner-container is-layout-flow wp-block-cover-is-layout-flow\">\n<div style=\"height:80px\" aria-hidden=\"true\" class=\"wp-block-spacer\"><\/div>\n\n\n\n<h1 class=\"wp-block-heading has-text-align-center has-neve-link-color-color has-text-color\"><\/h1>\n\n\n\n<div style=\"height:80px\" aria-hidden=\"true\" class=\"wp-block-spacer\"><\/div>\n\n\n\n<p class=\"has-text-align-center has-huge-font-size\"><\/p>\n\n\n\n<div style=\"height:80px\" aria-hidden=\"true\" class=\"wp-block-spacer\"><\/div>\n<\/div><\/div>\n\n\n\n<h2 class=\"wp-block-heading\">The story<\/h2>\n\n\n\n<p>The Fort of Barchon is a large triangular fort of the Brialmont-type. It is located 8 km northeast of Li\u00e8ge on the right bank of the Meuse between Li\u00e8ge and Vis\u00e9. Built in 1888, it has had an active history and three main periods.<\/p>\n\n\n\n<p>In its first period it formed part of the ring of twelve forts protecting Li\u00e8ge and in the First World War it resisted the forces of the Kaiser from the 5th to the 8th of August 1914, falling after very strong attacks.<\/p>\n\n\n\n<p>In the second period, during the occupation of 1914 to 1918, the Prussians recognised its strategic importance and made a number of modifications and improvements. These modifications mainly related to the entrance of the fort, the infantry exit to the central massif, the protection of the windows of the gorge buildings in scarp and in counterscarp and improvements to the ventilation.<\/p>\n\n\n\n<p>The third period began in 1928. The decision was made to rearm and reinforce the fort and to bring it back into active service again. The modifications related to the general reinforcement of the buildings, the addition of reinforced concrete, the building of deep galleries, the building of a ventilation tower and the replacement of the generator and the weapons. It sustained the flood of German troops on May 10, 1940 and resisted valiantly until May 18, 1940.<\/p>\n\n\n\n<h2 class=\"wp-block-heading\">The visits<\/h2>\n\n\n\n<p>Guided tours are organised every second Sunday of each month, from April to November. The tour lasts about 3 hours.<\/p>\n\n\n\n<p>The guided tour begins at 2 o&#8217;clock p.m. from the cafeteria which is located in the yard at the entry of the fort.<\/p>\n\n\n\n<figure class=\"wp-block-table\"><table><tbody><tr><td colspan=\"3\">Price:<\/td><\/tr><tr><td>&nbsp;<\/td><td>Adults:<\/td><td>5 \u20ac<\/td><\/tr><tr><td>&nbsp;<\/td><td>Children:<\/td><td>4 \u20ac<\/td><\/tr><tr><td colspan=\"3\">Groups (min. 45 \u20ac) :<\/td><\/tr><tr><td>&nbsp;<\/td><td>Adults:<\/td><td>4 \u20ac<\/td><\/tr><tr><td>&nbsp;<\/td><td>Children:<\/td><td>3 \u20ac<\/td><\/tr><\/tbody><\/table><\/figure>\n\n\n\n<p>Address: Rue du Fort, 4671 Barchon<\/p>\n\n\n\n<div class=\"wp-block-buttons is-layout-flex wp-block-buttons-is-layout-flex\">\n<div class=\"wp-block-button\"><a class=\"wp-block-button__link wp-element-button\">Contact<\/a><\/div>\n<\/div>\n\n\n\n<h2 class=\"wp-block-heading\">Pictures<\/h2>\n\n\n\n<figure class=\"wp-block-gallery has-nested-images columns-default is-cropped wp-block-gallery-1 is-layout-flex wp-block-gallery-is-layout-flex\">\n<figure class=\"wp-block-image size-large\"><img loading=\"lazy\" decoding=\"async\" width=\"300\" height=\"225\" data-id=\"595\" src=\"https:\/\/fortbarchon.be\/wp-content\/uploads\/2024\/02\/chambre.jpg\" alt=\"\" class=\"wp-image-595\"\/><\/figure>\n\n\n\n<figure class=\"wp-block-image size-large\"><img loading=\"lazy\" decoding=\"async\" width=\"300\" height=\"225\" data-id=\"599\" src=\"https:\/\/fortbarchon.be\/wp-content\/uploads\/2024\/02\/coffre-tete.jpg\" alt=\"\" class=\"wp-image-599\"\/><\/figure>\n\n\n\n<figure class=\"wp-block-image size-large\"><img loading=\"lazy\" decoding=\"async\" width=\"300\" height=\"225\" data-id=\"598\" src=\"https:\/\/fortbarchon.be\/wp-content\/uploads\/2024\/02\/coupole.jpg\" alt=\"\" class=\"wp-image-598\"\/><\/figure>\n\n\n\n<figure class=\"wp-block-image size-large\"><img loading=\"lazy\" decoding=\"async\" width=\"300\" height=\"225\" data-id=\"603\" src=\"https:\/\/fortbarchon.be\/wp-content\/uploads\/2024\/02\/deb-infantrie.jpg\" alt=\"\" class=\"wp-image-603\"\/><\/figure>\n\n\n\n<figure class=\"wp-block-image size-large\"><img loading=\"lazy\" decoding=\"async\" width=\"225\" height=\"300\" data-id=\"597\" src=\"https:\/\/fortbarchon.be\/wp-content\/uploads\/2024\/02\/fresque-genie.jpg\" alt=\"\" class=\"wp-image-597\"\/><\/figure>\n\n\n\n<figure class=\"wp-block-image size-large\"><img loading=\"lazy\" decoding=\"async\" width=\"225\" height=\"300\" data-id=\"601\" src=\"https:\/\/fortbarchon.be\/wp-content\/uploads\/2024\/02\/fresque-union.jpg\" alt=\"\" class=\"wp-image-601\"\/><\/figure>\n\n\n\n<figure class=\"wp-block-image size-large\"><img loading=\"lazy\" decoding=\"async\" width=\"300\" height=\"225\" data-id=\"602\" src=\"https:\/\/fortbarchon.be\/wp-content\/uploads\/2024\/02\/sortie-air.jpg\" alt=\"\" class=\"wp-image-602\"\/><\/figure>\n\n\n\n<figure class=\"wp-block-image size-large\"><img loading=\"lazy\" decoding=\"async\" width=\"300\" height=\"225\" data-id=\"596\" src=\"https:\/\/fortbarchon.be\/wp-content\/uploads\/2024\/02\/t-air-1.jpg\" alt=\"\" class=\"wp-image-596\"\/><\/figure>\n\n\n\n<figure class=\"wp-block-image size-large\"><img loading=\"lazy\" decoding=\"async\" width=\"225\" height=\"300\" data-id=\"600\" src=\"https:\/\/fortbarchon.be\/wp-content\/uploads\/2024\/02\/t-air2.jpg\" alt=\"\" class=\"wp-image-600\"\/><\/figure>\n<\/figure>\n\n\n\n<h2 class=\"wp-block-heading\">Publications<\/h2>\n\n\n\n<p>All our books are available at the fort cafeteria during the tours at the price of 6\u20ac.<\/p>\n\n\n\n<p>&#8211; historical book about Barchon<br>&#8211; technical book about Barchon<br>&#8211; historical book about the battle of Li\u00e8ge in 1914<br>&#8211; historical book about the battle of Namur&#8217;s forts<\/p>\n\n\n\n<h2 class=\"wp-block-heading\">Access<\/h2>\n\n\n\n<p>E40 motorway, exit 36 (Blegny)<\/p>\n\n\n\n<p>From Li\u00e8ge: turn right. At the roundabout, turn right and go across the bridge. At the second roundabout, turn left. At the third roundabout, turn left.<\/p>\n\n\n\n<p>From Aachen: at the first roundabout, turn right. At the second roundabout, turn left.<\/p>\n\n\n\n<figure class=\"wp-block-embedpress-google-maps-block ose-google-maps\"><iframe src=\"https:\/\/www.google.com\/maps\/embed?pb=!1m14!1m12!1m3!1d7196.759753883547!2d5.693078538546111!3d50.670056258383546!2m3!1f0!2f0!3f0!3m2!1i1024!2i768!4f13.1!5e1!3m2!1sfr!2sbe!4v1708983294078!5m2!1sfr!2sbe&quot; width=&quot;600&quot; height=&quot;450&quot; style=&quot;border:0;&quot; allowfullscreen=&quot;&quot; loading=&quot;lazy&quot; referrerpolicy=&quot;no-referrer-when-downgrade\" frameborder=\"0\" width=\"600\" height=\"450\"><\/iframe><\/figure>\n","protected":false},"excerpt":{"rendered":"<p>The story The Fort of Barchon is a large triangular fort of the Brialmont-type. It is located 8 km northeast of Li\u00e8ge on the right bank of the Meuse between Li\u00e8ge and Vis\u00e9. Built in 1888, it has had an active history and three main periods. In its first period it formed part of the&hellip;&nbsp;<a href=\"https:\/\/fortbarchon.be\/index.php\/en\/fort-de-barchon-english\/\" class=\"\" rel=\"bookmark\">Lire la suite &raquo;<span class=\"screen-reader-text\"><\/span><\/a><\/p>\n","protected":false},"author":1,"featured_media":0,"parent":0,"menu_order":0,"comment_status":"closed","ping_status":"closed","template":"","meta":{"neve_meta_sidebar":"","neve_meta_container":"","neve_meta_enable_content_width":"","neve_meta_content_width":0,"neve_meta_title_alignment":"","neve_meta_author_avatar":"","neve_post_elements_order":"","neve_meta_disable_header":"","neve_meta_disable_footer":"","neve_meta_disable_title":"","_ti_tpc_template_sync":false,"_ti_tpc_template_id":"","footnotes":""},"_links":{"self":[{"href":"https:\/\/fortbarchon.be\/index.php\/wp-json\/wp\/v2\/pages\/616"}],"collection":[{"href":"https:\/\/fortbarchon.be\/index.php\/wp-json\/wp\/v2\/pages"}],"about":[{"href":"https:\/\/fortbarchon.be\/index.php\/wp-json\/wp\/v2\/types\/page"}],"author":[{"embeddable":true,"href":"https:\/\/fortbarchon.be\/index.php\/wp-json\/wp\/v2\/users\/1"}],"replies":[{"embeddable":true,"href":"https:\/\/fortbarchon.be\/index.php\/wp-json\/wp\/v2\/comments?post=616"}],"version-history":[{"count":4,"href":"https:\/\/fortbarchon.be\/index.php\/wp-json\/wp\/v2\/pages\/616\/revisions"}],"predecessor-version":[{"id":659,"href":"https:\/\/fortbarchon.be\/index.php\/wp-json\/wp\/v2\/pages\/616\/revisions\/659"}],"wp:attachment":[{"href":"https:\/\/fortbarchon.be\/index.php\/wp-json\/wp\/v2\/media?parent=616"}],"curies":[{"name":"wp","href":"https:\/\/api.w.org\/{rel}","templated":true}]}}