{"id":618,"date":"2024-02-25T18:36:37","date_gmt":"2024-02-25T17:36:37","guid":{"rendered":"https:\/\/fortbarchon.be\/index.php\/fort-de-barchon-deutsch\/"},"modified":"2024-02-29T10:42:38","modified_gmt":"2024-02-29T09:42:38","slug":"fort-de-barchon-deutsch","status":"publish","type":"page","link":"https:\/\/fortbarchon.be\/index.php\/de\/fort-de-barchon-deutsch\/","title":{"rendered":""},"content":{"rendered":"\n<div class=\"wp-block-cover alignfull\" style=\"min-height:700px\"><span aria-hidden=\"true\" class=\"wp-block-cover__background has-nv-light-bg-background-color has-background-dim-40 has-background-dim\"><\/span><img loading=\"lazy\" decoding=\"async\" width=\"1280\" height=\"960\" class=\"wp-block-cover__image-background wp-image-650\" alt=\"\" src=\"http:\/\/fortbarchon.be\/wp-content\/uploads\/2024\/02\/DSC00102-3.jpg\" data-object-fit=\"cover\" srcset=\"https:\/\/fortbarchon.be\/wp-content\/uploads\/2024\/02\/DSC00102-3.jpg 1280w, https:\/\/fortbarchon.be\/wp-content\/uploads\/2024\/02\/DSC00102-3-300x225.jpg 300w, https:\/\/fortbarchon.be\/wp-content\/uploads\/2024\/02\/DSC00102-3-1024x768.jpg 1024w, https:\/\/fortbarchon.be\/wp-content\/uploads\/2024\/02\/DSC00102-3-768x576.jpg 768w\" sizes=\"(max-width: 1280px) 100vw, 1280px\" \/><div class=\"wp-block-cover__inner-container is-layout-flow wp-block-cover-is-layout-flow\">\n<div style=\"height:80px\" aria-hidden=\"true\" class=\"wp-block-spacer\"><\/div>\n\n\n\n<h1 class=\"wp-block-heading has-text-align-center has-neve-link-color-color has-text-color\"><\/h1>\n\n\n\n<div style=\"height:80px\" aria-hidden=\"true\" class=\"wp-block-spacer\"><\/div>\n\n\n\n<p class=\"has-text-align-center has-huge-font-size\"><\/p>\n\n\n\n<div style=\"height:80px\" aria-hidden=\"true\" class=\"wp-block-spacer\"><\/div>\n<\/div><\/div>\n\n\n\n<h2 class=\"wp-block-heading\">Die Geschichte<\/h2>\n\n\n\n<p>Fort Barchon ist ein gro\u00dfes dreieckiges belgisches Fort vom Typ Brialmont. Es liegt 8 km nord\u00f6stlich von L\u00fcttich am rechten Ufer der Maas zwischen L\u00fcttich und Vis\u00e9. 1888 erbaut, wird es drei Epochen und viele Ereignisse erleben.<\/p>\n\n\n\n<h2 class=\"wp-block-heading\">Die Besuche<\/h2>\n\n\n\n<figure class=\"wp-block-table\"><table><tbody><tr><td colspan=\"3\">Preise :<\/td><\/tr><tr><td>&nbsp;<\/td><td>Erwachsene :<\/td><td>5 \u20ac<\/td><\/tr><tr><td>&nbsp;<\/td><td>Kinder :<\/td><td>4 \u20ac<\/td><\/tr><tr><td colspan=\"3\">Gruppe (min. 10 Personen) : (min. 45 \u20ac) :<\/td><\/tr><tr><td>&nbsp;<\/td><td>Erwachsene :<\/td><td>4 \u20ac<\/td><\/tr><tr><td>&nbsp;<\/td><td>Kinder :<\/td><td>3 \u20ac<\/td><\/tr><\/tbody><\/table><\/figure>\n\n\n\n<p>Anschrift : Rue du Fort, 4671 Barchon<\/p>\n\n\n\n<div class=\"wp-block-buttons is-layout-flex wp-block-buttons-is-layout-flex\">\n<div class=\"wp-block-button\"><a class=\"wp-block-button__link wp-element-button\">Kontakt<\/a><\/div>\n<\/div>\n\n\n\n<h2 class=\"wp-block-heading\">Fotos<\/h2>\n\n\n\n<figure class=\"wp-block-gallery has-nested-images columns-default is-cropped wp-block-gallery-1 is-layout-flex wp-block-gallery-is-layout-flex\">\n<figure class=\"wp-block-image size-large\"><img loading=\"lazy\" decoding=\"async\" width=\"300\" height=\"225\" data-id=\"595\" src=\"https:\/\/fortbarchon.be\/wp-content\/uploads\/2024\/02\/chambre.jpg\" alt=\"\" class=\"wp-image-595\"\/><\/figure>\n\n\n\n<figure class=\"wp-block-image size-large\"><img loading=\"lazy\" decoding=\"async\" width=\"300\" height=\"225\" data-id=\"599\" src=\"https:\/\/fortbarchon.be\/wp-content\/uploads\/2024\/02\/coffre-tete.jpg\" alt=\"\" class=\"wp-image-599\"\/><\/figure>\n\n\n\n<figure class=\"wp-block-image size-large\"><img loading=\"lazy\" decoding=\"async\" width=\"300\" height=\"225\" data-id=\"598\" src=\"https:\/\/fortbarchon.be\/wp-content\/uploads\/2024\/02\/coupole.jpg\" alt=\"\" class=\"wp-image-598\"\/><\/figure>\n\n\n\n<figure class=\"wp-block-image size-large\"><img loading=\"lazy\" decoding=\"async\" width=\"300\" height=\"225\" data-id=\"603\" src=\"https:\/\/fortbarchon.be\/wp-content\/uploads\/2024\/02\/deb-infantrie.jpg\" alt=\"\" class=\"wp-image-603\"\/><\/figure>\n\n\n\n<figure class=\"wp-block-image size-large\"><img loading=\"lazy\" decoding=\"async\" width=\"225\" height=\"300\" data-id=\"597\" src=\"https:\/\/fortbarchon.be\/wp-content\/uploads\/2024\/02\/fresque-genie.jpg\" alt=\"\" class=\"wp-image-597\"\/><\/figure>\n\n\n\n<figure class=\"wp-block-image size-large\"><img loading=\"lazy\" decoding=\"async\" width=\"225\" height=\"300\" data-id=\"601\" src=\"https:\/\/fortbarchon.be\/wp-content\/uploads\/2024\/02\/fresque-union.jpg\" alt=\"\" class=\"wp-image-601\"\/><\/figure>\n\n\n\n<figure class=\"wp-block-image size-large\"><img loading=\"lazy\" decoding=\"async\" width=\"300\" height=\"225\" data-id=\"602\" src=\"https:\/\/fortbarchon.be\/wp-content\/uploads\/2024\/02\/sortie-air.jpg\" alt=\"\" class=\"wp-image-602\"\/><\/figure>\n\n\n\n<figure class=\"wp-block-image size-large\"><img loading=\"lazy\" decoding=\"async\" width=\"300\" height=\"225\" data-id=\"596\" src=\"https:\/\/fortbarchon.be\/wp-content\/uploads\/2024\/02\/t-air-1.jpg\" alt=\"\" class=\"wp-image-596\"\/><\/figure>\n\n\n\n<figure class=\"wp-block-image size-large\"><img loading=\"lazy\" decoding=\"async\" width=\"225\" height=\"300\" data-id=\"600\" src=\"https:\/\/fortbarchon.be\/wp-content\/uploads\/2024\/02\/t-air2.jpg\" alt=\"\" class=\"wp-image-600\"\/><\/figure>\n<\/figure>\n\n\n\n<h2 class=\"wp-block-heading\">Ver\u00f6ffentlichungen<\/h2>\n\n\n\n<p>&#8211; Historisches Buch von Barchon<br>&#8211; Barchons Fachbuch<br>&#8211; Geschichtsbuch der Schlacht von L\u00fcttich 1914<br>&#8211; Historisches Buch zur Schlacht von Namur<\/p>\n\n\n\n<h2 class=\"wp-block-heading\">Zugang<\/h2>\n\n\n\n<p>Autobahn E40, Ausfarht 36 (Blegny).<\/p>\n\n\n<figure class=\"wp-block-embedpress-google-maps-block ose-google-maps\"><iframe src=\"https:\/\/www.google.com\/maps\/embed?pb=!1m14!1m12!1m3!1d7196.759753883547!2d5.693078538546111!3d50.670056258383546!2m3!1f0!2f0!3f0!3m2!1i1024!2i768!4f13.1!5e1!3m2!1sfr!2sbe!4v1708983294078!5m2!1sfr!2sbe&quot; width=&quot;600&quot; height=&quot;450&quot; style=&quot;border:0;&quot; allowfullscreen=&quot;&quot; loading=&quot;lazy&quot; referrerpolicy=&quot;no-referrer-when-downgrade\" frameborder=\"0\" width=\"600\" height=\"450\"><\/iframe><\/figure>\n","protected":false},"excerpt":{"rendered":"<p>Die Geschichte Fort Barchon ist ein gro\u00dfes dreieckiges belgisches Fort vom Typ Brialmont. Es liegt 8 km nord\u00f6stlich von L\u00fcttich am rechten Ufer der Maas zwischen L\u00fcttich und Vis\u00e9. 1888 erbaut, wird es drei Epochen und viele Ereignisse erleben. Die Besuche Preise : &nbsp; Erwachsene : 5 \u20ac &nbsp; Kinder : 4 \u20ac Gruppe (min.&hellip;&nbsp;<a href=\"https:\/\/fortbarchon.be\/index.php\/de\/fort-de-barchon-deutsch\/\" class=\"\" rel=\"bookmark\">Lire la suite &raquo;<span class=\"screen-reader-text\"><\/span><\/a><\/p>\n","protected":false},"author":1,"featured_media":0,"parent":0,"menu_order":0,"comment_status":"closed","ping_status":"closed","template":"","meta":{"neve_meta_sidebar":"","neve_meta_container":"","neve_meta_enable_content_width":"","neve_meta_content_width":0,"neve_meta_title_alignment":"","neve_meta_author_avatar":"","neve_post_elements_order":"","neve_meta_disable_header":"","neve_meta_disable_footer":"","neve_meta_disable_title":"","_ti_tpc_template_sync":false,"_ti_tpc_template_id":"","footnotes":""},"_links":{"self":[{"href":"https:\/\/fortbarchon.be\/index.php\/wp-json\/wp\/v2\/pages\/618"}],"collection":[{"href":"https:\/\/fortbarchon.be\/index.php\/wp-json\/wp\/v2\/pages"}],"about":[{"href":"https:\/\/fortbarchon.be\/index.php\/wp-json\/wp\/v2\/types\/page"}],"author":[{"embeddable":true,"href":"https:\/\/fortbarchon.be\/index.php\/wp-json\/wp\/v2\/users\/1"}],"replies":[{"embeddable":true,"href":"https:\/\/fortbarchon.be\/index.php\/wp-json\/wp\/v2\/comments?post=618"}],"version-history":[{"count":3,"href":"https:\/\/fortbarchon.be\/index.php\/wp-json\/wp\/v2\/pages\/618\/revisions"}],"predecessor-version":[{"id":663,"href":"https:\/\/fortbarchon.be\/index.php\/wp-json\/wp\/v2\/pages\/618\/revisions\/663"}],"wp:attachment":[{"href":"https:\/\/fortbarchon.be\/index.php\/wp-json\/wp\/v2\/media?parent=618"}],"curies":[{"name":"wp","href":"https:\/\/api.w.org\/{rel}","templated":true}]}}